{"id":19,"date":"2025-04-15T18:17:51","date_gmt":"2025-04-15T18:17:51","guid":{"rendered":"https:\/\/desarrollo.clickdigitalcr.com\/aensa\/?page_id=19"},"modified":"2025-05-19T19:40:40","modified_gmt":"2025-05-19T19:40:40","slug":"homepage","status":"publish","type":"page","link":"https:\/\/aensa.com\/es\/","title":{"rendered":"Homepage"},"content":{"rendered":"<div data-elementor-type=\"wp-page\" data-elementor-id=\"19\" class=\"elementor elementor-19\" data-elementor-post-type=\"page\">\n\t\t\t\t<div class=\"wd-negative-gap elementor-element elementor-element-ad52b4b wd-section-stretch-content e-flex e-con-boxed e-con e-parent\" data-id=\"ad52b4b\" data-element_type=\"container\" data-e-type=\"container\" data-settings=\"{&quot;background_background&quot;:&quot;video&quot;,&quot;background_video_link&quot;:&quot;https:\\\/\\\/aensa.com\\\/wp-content\\\/uploads\\\/2025\\\/04\\\/R88-Desktop.mp4&quot;,&quot;background_play_on_mobile&quot;:&quot;yes&quot;}\">\n\t\t\t\t\t<div class=\"e-con-inner\">\n\t\t<div class=\"elementor-background-video-container\">\n\t\t\t\t\t\t\t<video class=\"elementor-background-video-hosted\" role=\"presentation\" autoplay muted playsinline loop><\/video>\n\t\t\t\t\t<\/div><div class=\"elementor-element elementor-element-4708a75 e-con-full e-flex e-con e-child\" data-id=\"4708a75\" data-element_type=\"container\" data-e-type=\"container\">\n\t\t\t\t<\/div>\n\t\t<div class=\"elementor-element elementor-element-090400f e-con-full e-flex e-con e-child\" data-id=\"090400f\" data-element_type=\"container\" data-e-type=\"container\">\n\t\t\t\t<div class=\"elementor-element elementor-element-d6d4c71 elementor-widget elementor-widget-heading\" data-id=\"d6d4c71\" data-element_type=\"widget\" data-e-type=\"widget\" data-widget_type=\"heading.default\">\n\t\t\t\t<div class=\"elementor-widget-container\">\n\t\t\t\t\t<h1 class=\"elementor-heading-title elementor-size-default\">A VECES,<br>\n\"LA INNOVACI\u00d3N\"<br>\nSUCEDE EN EL CIELO.<\/h1>\t\t\t\t<\/div>\n\t\t\t\t<\/div>\n\t\t\t\t<div class=\"elementor-element elementor-element-6c6f9db elementor-widget elementor-widget-heading\" data-id=\"6c6f9db\" data-element_type=\"widget\" data-e-type=\"widget\" data-widget_type=\"heading.default\">\n\t\t\t\t<div class=\"elementor-widget-container\">\n\t\t\t\t\t<span class=\"elementor-heading-title elementor-size-default\">El nuevo R88 es nuestro modelo m\u00e1s grande,<br> el helic\u00f3ptero m\u00e1s capaz de todos los tiempos.<\/span>\t\t\t\t<\/div>\n\t\t\t\t<\/div>\n\t\t\t\t<div class=\"elementor-element elementor-element-f69820f elementor-widget elementor-widget-wd_button\" data-id=\"f69820f\" data-element_type=\"widget\" data-e-type=\"widget\" data-widget_type=\"wd_button.default\">\n\t\t\t\t<div class=\"elementor-widget-container\">\n\t\t\t\t\t\t\t<div class=\"wd-button-wrapper text-left\" >\n\t\t\t<a class=\"btn btn-style-default btn-shape-round btn-size-default btn-icon-pos-right\"  href=\"https:\/\/aensa.com\/es\/aeronaves\/r88\/\">\n\t\t\t\t<span class=\"wd-btn-text\" data-elementor-setting-key=\"text\">\n\t\t\t\t\tCON\u00d3ZCA M\u00c1S\t\t\t\t<\/span>\n\n\t\t\t\t\t\t\t<\/a>\n\t\t<\/div>\n\t\t\t\t\t\t<\/div>\n\t\t\t\t<\/div>\n\t\t\t\t<\/div>\n\t\t<div class=\"elementor-element elementor-element-159a533 e-con-full e-flex e-con e-child\" data-id=\"159a533\" data-element_type=\"container\" data-e-type=\"container\">\n\t\t\t\t<\/div>\n\t\t\t\t\t<\/div>\n\t\t\t\t<\/div>\n\t\t<div class=\"wd-negative-gap elementor-element elementor-element-00b53ca wd-section-stretch e-flex e-con-boxed e-con e-parent\" data-id=\"00b53ca\" data-element_type=\"container\" data-e-type=\"container\" data-settings=\"{&quot;background_background&quot;:&quot;classic&quot;}\">\n\t\t\t\t\t<div class=\"e-con-inner\">\n\t\t<div class=\"elementor-element elementor-element-e43a72a e-con-full e-flex e-con e-child\" data-id=\"e43a72a\" data-element_type=\"container\" data-e-type=\"container\">\n\t\t\t\t<div class=\"elementor-element elementor-element-0ff9b97 elementor-widget elementor-widget-wd_text_block\" data-id=\"0ff9b97\" data-element_type=\"widget\" data-e-type=\"widget\" data-widget_type=\"wd_text_block.default\">\n\t\t\t\t<div class=\"elementor-widget-container\">\n\t\t\t\t\t\t\t<div class=\"wd-text-block reset-last-child text-left\">\n\t\t\t\n\t\t\tNuestra empresa se destaca como Distribuidor Autorizado y Centro de Servicio de Robinson Helicopter Company, l\u00edder mundial en la fabricaci\u00f3n de helic\u00f3pteros. Con una trayectoria de excelencia, nos enorgullece ofrecer los helic\u00f3pteros m\u00e1s vendidos en el mundo, garantizando as\u00ed su acceso a tecnolog\u00eda de vanguardia en aviacion.\nRobinson es el helic\u00f3ptero m\u00e1s popular del mundo por una raz\u00f3n.\nDesde 1973, priorizamos la seguridad, la simplicidad y la confiabilidad, permitiendo que m\u00e1s personas realicen m\u00e1s operaciones.\n\t\t\t\t\t<\/div>\n\t\t\t\t\t\t<\/div>\n\t\t\t\t<\/div>\n\t\t\t\t<div class=\"elementor-element elementor-element-4a15de9 elementor-widget elementor-widget-wd_button\" data-id=\"4a15de9\" data-element_type=\"widget\" data-e-type=\"widget\" data-widget_type=\"wd_button.default\">\n\t\t\t\t<div class=\"elementor-widget-container\">\n\t\t\t\t\t\t\t<div class=\"wd-button-wrapper text-left\" >\n\t\t\t<a class=\"btn btn-style-default btn-shape-round btn-size-default btn-icon-pos-right\"  href=\"https:\/\/aensa.com\/es\/about-robinson\/\">\n\t\t\t\t<span class=\"wd-btn-text\" data-elementor-setting-key=\"text\">\n\t\t\t\t\tM\u00c1S DE ROBINSON\t\t\t\t<\/span>\n\n\t\t\t\t\t\t\t<\/a>\n\t\t<\/div>\n\t\t\t\t\t\t<\/div>\n\t\t\t\t<\/div>\n\t\t\t\t<\/div>\n\t\t<div class=\"elementor-element elementor-element-c51ff39 e-con-full e-flex e-con e-child\" data-id=\"c51ff39\" data-element_type=\"container\" data-e-type=\"container\">\n\t\t\t\t<div class=\"elementor-element elementor-element-7721d13 wd-width-100 elementor-widget elementor-widget-wd_images_gallery\" data-id=\"7721d13\" data-element_type=\"widget\" data-e-type=\"widget\" data-widget_type=\"wd_images_gallery.default\">\n\t\t\t\t<div class=\"elementor-widget-container\">\n\t\t\t\t\t\t\t<div class=\"wd-images-gallery photoswipe-images\" style=\"--wd-align-items:center; --wd-justify-content:center;\">\n\t\t\t\t\t\t<div class=\"wd-grid-g\" style=\"--wd-col-lg:3;--wd-col-md:3;--wd-col-sm:1;--wd-gap-lg:30px;--wd-gap-sm:10px;\" >\n\t\t\t\t\t\t\t\t\t\t\t\t\t\t\t\t\t\t<div class=\"wd-gallery-item wd-col\">\n\t\t\t\t\t\t\t\t\t\t\t\t\t<a  href=\"https:\/\/aensa.com\/wp-content\/uploads\/2025\/04\/climb_higher_arizona_quantum-35.jpg\" data-width=\"1920\" data-height=\"1280\" data-index=\"1\" data-elementor-open-lightbox=\"no\">\n\t\t\t\t\t\t\n\t\t\t\t\t\t<img loading=\"lazy\" decoding=\"async\" width=\"1024\" height=\"683\" src=\"https:\/\/aensa.com\/wp-content\/uploads\/2025\/04\/climb_higher_arizona_quantum-35-1024x683.jpg\" class=\"attachment-large size-large\" alt=\"climb_higher_arizona_quantum-35\" srcset=\"https:\/\/aensa.com\/wp-content\/uploads\/2025\/04\/climb_higher_arizona_quantum-35-1024x683.jpg 1024w, https:\/\/aensa.com\/wp-content\/uploads\/2025\/04\/climb_higher_arizona_quantum-35-150x100.jpg 150w, https:\/\/aensa.com\/wp-content\/uploads\/2025\/04\/climb_higher_arizona_quantum-35-600x400.jpg 600w, https:\/\/aensa.com\/wp-content\/uploads\/2025\/04\/climb_higher_arizona_quantum-35-300x200.jpg 300w, https:\/\/aensa.com\/wp-content\/uploads\/2025\/04\/climb_higher_arizona_quantum-35-768x512.jpg 768w, https:\/\/aensa.com\/wp-content\/uploads\/2025\/04\/climb_higher_arizona_quantum-35-1536x1024.jpg 1536w, https:\/\/aensa.com\/wp-content\/uploads\/2025\/04\/climb_higher_arizona_quantum-35.jpg 1920w\" sizes=\"auto, (max-width: 1024px) 100vw, 1024px\" \/>\n\t\t\t\t\t\t\t\t\t\t\t\t\t<\/a>\n\t\t\t\t\t\t\t\t\t\t\t<\/div>\n\t\t\t\t\t\t\t\t\t\t\t\t\t\t\t<div class=\"wd-gallery-item wd-col\">\n\t\t\t\t\t\t\t\t\t\t\t\t\t<a  href=\"https:\/\/aensa.com\/wp-content\/uploads\/2025\/04\/climb_higher_arizona_quantum-15.jpg\" data-width=\"1920\" data-height=\"1280\" data-index=\"2\" data-elementor-open-lightbox=\"no\">\n\t\t\t\t\t\t\n\t\t\t\t\t\t<img loading=\"lazy\" decoding=\"async\" width=\"1024\" height=\"683\" src=\"https:\/\/aensa.com\/wp-content\/uploads\/2025\/04\/climb_higher_arizona_quantum-15-1024x683.jpg\" class=\"attachment-large size-large\" alt=\"climb_higher_arizona_quantum-15\" srcset=\"https:\/\/aensa.com\/wp-content\/uploads\/2025\/04\/climb_higher_arizona_quantum-15-1024x683.jpg 1024w, https:\/\/aensa.com\/wp-content\/uploads\/2025\/04\/climb_higher_arizona_quantum-15-150x100.jpg 150w, https:\/\/aensa.com\/wp-content\/uploads\/2025\/04\/climb_higher_arizona_quantum-15-600x400.jpg 600w, https:\/\/aensa.com\/wp-content\/uploads\/2025\/04\/climb_higher_arizona_quantum-15-300x200.jpg 300w, https:\/\/aensa.com\/wp-content\/uploads\/2025\/04\/climb_higher_arizona_quantum-15-768x512.jpg 768w, https:\/\/aensa.com\/wp-content\/uploads\/2025\/04\/climb_higher_arizona_quantum-15-1536x1024.jpg 1536w, https:\/\/aensa.com\/wp-content\/uploads\/2025\/04\/climb_higher_arizona_quantum-15.jpg 1920w\" sizes=\"auto, (max-width: 1024px) 100vw, 1024px\" \/>\n\t\t\t\t\t\t\t\t\t\t\t\t\t<\/a>\n\t\t\t\t\t\t\t\t\t\t\t<\/div>\n\t\t\t\t\t\t\t\t\t\t\t\t\t\t\t<div class=\"wd-gallery-item wd-col\">\n\t\t\t\t\t\t\t\t\t\t\t\t\t<a  href=\"https:\/\/aensa.com\/wp-content\/uploads\/2025\/04\/climb_higher_arizona_quantum-10.jpg\" data-width=\"1920\" data-height=\"1280\" data-index=\"3\" data-elementor-open-lightbox=\"no\">\n\t\t\t\t\t\t\n\t\t\t\t\t\t<img loading=\"lazy\" decoding=\"async\" width=\"1024\" height=\"683\" src=\"https:\/\/aensa.com\/wp-content\/uploads\/2025\/04\/climb_higher_arizona_quantum-10-1024x683.jpg\" class=\"attachment-large size-large\" alt=\"climb_higher_arizona_quantum-10\" srcset=\"https:\/\/aensa.com\/wp-content\/uploads\/2025\/04\/climb_higher_arizona_quantum-10-1024x683.jpg 1024w, https:\/\/aensa.com\/wp-content\/uploads\/2025\/04\/climb_higher_arizona_quantum-10-150x100.jpg 150w, https:\/\/aensa.com\/wp-content\/uploads\/2025\/04\/climb_higher_arizona_quantum-10-600x400.jpg 600w, https:\/\/aensa.com\/wp-content\/uploads\/2025\/04\/climb_higher_arizona_quantum-10-300x200.jpg 300w, https:\/\/aensa.com\/wp-content\/uploads\/2025\/04\/climb_higher_arizona_quantum-10-768x512.jpg 768w, https:\/\/aensa.com\/wp-content\/uploads\/2025\/04\/climb_higher_arizona_quantum-10-1536x1024.jpg 1536w, https:\/\/aensa.com\/wp-content\/uploads\/2025\/04\/climb_higher_arizona_quantum-10.jpg 1920w\" sizes=\"auto, (max-width: 1024px) 100vw, 1024px\" \/>\n\t\t\t\t\t\t\t\t\t\t\t\t\t<\/a>\n\t\t\t\t\t\t\t\t\t\t\t<\/div>\n\t\t\t\t\t\t\t\t\t\t\t\t\t<\/div>\n\t\t\t\t\t<\/div>\n\t\t\t\t\t\t<\/div>\n\t\t\t\t<\/div>\n\t\t\t\t<\/div>\n\t\t\t\t\t<\/div>\n\t\t\t\t<\/div>\n\t\t<div class=\"wd-negative-gap elementor-element elementor-element-67814e0 wd-section-stretch e-flex e-con-boxed e-con e-parent\" data-id=\"67814e0\" data-element_type=\"container\" data-e-type=\"container\" data-settings=\"{&quot;background_background&quot;:&quot;classic&quot;}\">\n\t\t\t\t\t<div class=\"e-con-inner\">\n\t\t\t\t<div class=\"elementor-element elementor-element-544a00b elementor-widget elementor-widget-menu-anchor\" data-id=\"544a00b\" data-element_type=\"widget\" data-e-type=\"widget\" data-widget_type=\"menu-anchor.default\">\n\t\t\t\t<div class=\"elementor-widget-container\">\n\t\t\t\t\t\t\t<div class=\"elementor-menu-anchor\" id=\"Helicopters\"><\/div>\n\t\t\t\t\t\t<\/div>\n\t\t\t\t<\/div>\n\t\t\t\t<div class=\"elementor-element elementor-element-aee57b2 elementor-widget__width-initial elementor-widget-tablet__width-inherit wd-width-100 elementor-widget elementor-widget-wd_title\" data-id=\"aee57b2\" data-element_type=\"widget\" data-e-type=\"widget\" data-widget_type=\"wd_title.default\">\n\t\t\t\t<div class=\"elementor-widget-container\">\n\t\t\t\t\t\t\t<div class=\"title-wrapper wd-set-mb reset-last-child wd-title-color-primary wd-title-style-default wd-title-size-medium text-left\">\n\n\t\t\t\n\t\t\t<div class=\"liner-continer\">\n\t\t\t\t<h2 class=\"woodmart-title-container title wd-fontsize-xl\">Helic\u00f3pteros<\/h2> \n\t\t\t\t\t\t\t<\/div>\n\n\t\t\t\t\t<\/div>\n\t\t\t\t\t\t<\/div>\n\t\t\t\t<\/div>\n\t\t\t\t\t<\/div>\n\t\t\t\t<\/div>\n\t\t<div class=\"wd-negative-gap elementor-element elementor-element-ab9e45b wd-section-stretch e-flex e-con-boxed e-con e-parent\" data-id=\"ab9e45b\" data-element_type=\"container\" data-e-type=\"container\" data-settings=\"{&quot;background_background&quot;:&quot;classic&quot;}\">\n\t\t\t\t\t<div class=\"e-con-inner\">\n\t\t<div class=\"elementor-element elementor-element-68d8ced e-con-full e-flex e-con e-child\" data-id=\"68d8ced\" data-element_type=\"container\" data-e-type=\"container\">\n\t\t\t\t<div class=\"elementor-element elementor-element-24adb5c elementor-position-top elementor-widget elementor-widget-image-box\" data-id=\"24adb5c\" data-element_type=\"widget\" data-e-type=\"widget\" data-widget_type=\"image-box.default\">\n\t\t\t\t<div class=\"elementor-widget-container\">\n\t\t\t\t\t<div class=\"elementor-image-box-wrapper\"><figure class=\"elementor-image-box-img\"><a href=\"https:\/\/aensa.com\/es\/aeronaves\/r88\/\" tabindex=\"-1\"><img loading=\"lazy\" decoding=\"async\" width=\"828\" height=\"466\" src=\"https:\/\/aensa.com\/wp-content\/uploads\/2025\/05\/R88_a.webp\" class=\"elementor-animation-grow attachment-full size-full wp-image-11346\" alt=\"\" srcset=\"https:\/\/aensa.com\/wp-content\/uploads\/2025\/05\/R88_a.webp 828w, https:\/\/aensa.com\/wp-content\/uploads\/2025\/05\/R88_a-150x84.webp 150w, https:\/\/aensa.com\/wp-content\/uploads\/2025\/05\/R88_a-600x338.webp 600w, https:\/\/aensa.com\/wp-content\/uploads\/2025\/05\/R88_a-300x169.webp 300w, https:\/\/aensa.com\/wp-content\/uploads\/2025\/05\/R88_a-768x432.webp 768w\" sizes=\"auto, (max-width: 828px) 100vw, 828px\" \/><\/a><\/figure><div class=\"elementor-image-box-content\"><h3 class=\"elementor-image-box-title\"><a href=\"https:\/\/aensa.com\/es\/aeronaves\/r88\/\">R88<\/a><\/h3><p class=\"elementor-image-box-description\">R88 Series<\/p><\/div><\/div>\t\t\t\t<\/div>\n\t\t\t\t<\/div>\n\t\t\t\t<\/div>\n\t\t<div class=\"elementor-element elementor-element-8d4a1d8 e-con-full e-flex e-con e-child\" data-id=\"8d4a1d8\" data-element_type=\"container\" data-e-type=\"container\">\n\t\t\t\t<div class=\"elementor-element elementor-element-42b4c7d elementor-position-top elementor-widget elementor-widget-image-box\" data-id=\"42b4c7d\" data-element_type=\"widget\" data-e-type=\"widget\" data-widget_type=\"image-box.default\">\n\t\t\t\t<div class=\"elementor-widget-container\">\n\t\t\t\t\t<div class=\"elementor-image-box-wrapper\"><figure class=\"elementor-image-box-img\"><a href=\"https:\/\/aensa.com\/es\/aeronaves\/r66-nxg\/\" tabindex=\"-1\"><img loading=\"lazy\" decoding=\"async\" width=\"828\" height=\"466\" src=\"https:\/\/aensa.com\/wp-content\/uploads\/2025\/05\/R66_Nx_T_a.webp\" class=\"elementor-animation-grow attachment-full size-full wp-image-11345\" alt=\"\" srcset=\"https:\/\/aensa.com\/wp-content\/uploads\/2025\/05\/R66_Nx_T_a.webp 828w, https:\/\/aensa.com\/wp-content\/uploads\/2025\/05\/R66_Nx_T_a-150x84.webp 150w, https:\/\/aensa.com\/wp-content\/uploads\/2025\/05\/R66_Nx_T_a-600x338.webp 600w, https:\/\/aensa.com\/wp-content\/uploads\/2025\/05\/R66_Nx_T_a-300x169.webp 300w, https:\/\/aensa.com\/wp-content\/uploads\/2025\/05\/R66_Nx_T_a-768x432.webp 768w\" sizes=\"auto, (max-width: 828px) 100vw, 828px\" \/><\/a><\/figure><div class=\"elementor-image-box-content\"><h3 class=\"elementor-image-box-title\"><a href=\"https:\/\/aensa.com\/es\/aeronaves\/r66-nxg\/\">R66 NxG<\/a><\/h3><p class=\"elementor-image-box-description\">R66 Series<\/p><\/div><\/div>\t\t\t\t<\/div>\n\t\t\t\t<\/div>\n\t\t\t\t<\/div>\n\t\t<div class=\"elementor-element elementor-element-fad9306 e-con-full e-flex e-con e-child\" data-id=\"fad9306\" data-element_type=\"container\" data-e-type=\"container\">\n\t\t\t\t<div class=\"elementor-element elementor-element-b8b0160 elementor-position-top elementor-widget elementor-widget-image-box\" data-id=\"b8b0160\" data-element_type=\"widget\" data-e-type=\"widget\" data-widget_type=\"image-box.default\">\n\t\t\t\t<div class=\"elementor-widget-container\">\n\t\t\t\t\t<div class=\"elementor-image-box-wrapper\"><figure class=\"elementor-image-box-img\"><a href=\"https:\/\/aensa.com\/es\/aeronaves\/r44-raven-ii-clipper-ii\/\" tabindex=\"-1\"><img loading=\"lazy\" decoding=\"async\" width=\"828\" height=\"466\" src=\"https:\/\/aensa.com\/wp-content\/uploads\/2025\/05\/R44_Raven2_Clipper2_a.webp\" class=\"elementor-animation-grow attachment-full size-full wp-image-11344\" alt=\"\" srcset=\"https:\/\/aensa.com\/wp-content\/uploads\/2025\/05\/R44_Raven2_Clipper2_a.webp 828w, https:\/\/aensa.com\/wp-content\/uploads\/2025\/05\/R44_Raven2_Clipper2_a-150x84.webp 150w, https:\/\/aensa.com\/wp-content\/uploads\/2025\/05\/R44_Raven2_Clipper2_a-600x338.webp 600w, https:\/\/aensa.com\/wp-content\/uploads\/2025\/05\/R44_Raven2_Clipper2_a-300x169.webp 300w, https:\/\/aensa.com\/wp-content\/uploads\/2025\/05\/R44_Raven2_Clipper2_a-768x432.webp 768w\" sizes=\"auto, (max-width: 828px) 100vw, 828px\" \/><\/a><\/figure><div class=\"elementor-image-box-content\"><h3 class=\"elementor-image-box-title\"><a href=\"https:\/\/aensa.com\/es\/aeronaves\/r44-raven-ii-clipper-ii\/\">R44 RAVEN II \/ CLIPPER II<\/a><\/h3><p class=\"elementor-image-box-description\">R44 Series<\/p><\/div><\/div>\t\t\t\t<\/div>\n\t\t\t\t<\/div>\n\t\t\t\t<\/div>\n\t\t\t\t\t<\/div>\n\t\t\t\t<\/div>\n\t\t<div class=\"wd-negative-gap elementor-element elementor-element-7fdab10 wd-section-stretch e-flex e-con-boxed e-con e-parent\" data-id=\"7fdab10\" data-element_type=\"container\" data-e-type=\"container\" data-settings=\"{&quot;background_background&quot;:&quot;classic&quot;}\">\n\t\t\t\t\t<div class=\"e-con-inner\">\n\t\t<div class=\"elementor-element elementor-element-c2e441c e-con-full e-flex e-con e-child\" data-id=\"c2e441c\" data-element_type=\"container\" data-e-type=\"container\">\n\t\t\t\t<div class=\"elementor-element elementor-element-d71234d elementor-position-top elementor-widget elementor-widget-image-box\" data-id=\"d71234d\" data-element_type=\"widget\" data-e-type=\"widget\" data-widget_type=\"image-box.default\">\n\t\t\t\t<div class=\"elementor-widget-container\">\n\t\t\t\t\t<div class=\"elementor-image-box-wrapper\"><figure class=\"elementor-image-box-img\"><a href=\"https:\/\/aensa.com\/es\/aeronaves\/r44-raven-i-clipper-i\/\" tabindex=\"-1\"><img loading=\"lazy\" decoding=\"async\" width=\"828\" height=\"466\" src=\"https:\/\/aensa.com\/wp-content\/uploads\/2025\/05\/R44_Raven1_Clipper1_a.webp\" class=\"elementor-animation-grow attachment-full size-full wp-image-11343\" alt=\"\" srcset=\"https:\/\/aensa.com\/wp-content\/uploads\/2025\/05\/R44_Raven1_Clipper1_a.webp 828w, https:\/\/aensa.com\/wp-content\/uploads\/2025\/05\/R44_Raven1_Clipper1_a-150x84.webp 150w, https:\/\/aensa.com\/wp-content\/uploads\/2025\/05\/R44_Raven1_Clipper1_a-600x338.webp 600w, https:\/\/aensa.com\/wp-content\/uploads\/2025\/05\/R44_Raven1_Clipper1_a-300x169.webp 300w, https:\/\/aensa.com\/wp-content\/uploads\/2025\/05\/R44_Raven1_Clipper1_a-768x432.webp 768w\" sizes=\"auto, (max-width: 828px) 100vw, 828px\" \/><\/a><\/figure><div class=\"elementor-image-box-content\"><h3 class=\"elementor-image-box-title\"><a href=\"https:\/\/aensa.com\/es\/aeronaves\/r44-raven-i-clipper-i\/\">R44 RAVEN I \/ CLIPPER I<\/a><\/h3><p class=\"elementor-image-box-description\">R44 Series<\/p><\/div><\/div>\t\t\t\t<\/div>\n\t\t\t\t<\/div>\n\t\t\t\t<\/div>\n\t\t<div class=\"elementor-element elementor-element-2da0227 e-con-full e-flex e-con e-child\" data-id=\"2da0227\" data-element_type=\"container\" data-e-type=\"container\">\n\t\t\t\t<div class=\"elementor-element elementor-element-7f60d50 elementor-position-top elementor-widget elementor-widget-image-box\" data-id=\"7f60d50\" data-element_type=\"widget\" data-e-type=\"widget\" data-widget_type=\"image-box.default\">\n\t\t\t\t<div class=\"elementor-widget-container\">\n\t\t\t\t\t<div class=\"elementor-image-box-wrapper\"><figure class=\"elementor-image-box-img\"><a href=\"https:\/\/aensa.com\/es\/aeronaves\/r44-cadet\/\" tabindex=\"-1\"><img loading=\"lazy\" decoding=\"async\" width=\"828\" height=\"466\" src=\"https:\/\/aensa.com\/wp-content\/uploads\/2025\/05\/CADET_FRONT_1920_a.webp\" class=\"elementor-animation-grow attachment-full size-full wp-image-11342\" alt=\"\" srcset=\"https:\/\/aensa.com\/wp-content\/uploads\/2025\/05\/CADET_FRONT_1920_a.webp 828w, https:\/\/aensa.com\/wp-content\/uploads\/2025\/05\/CADET_FRONT_1920_a-150x84.webp 150w, https:\/\/aensa.com\/wp-content\/uploads\/2025\/05\/CADET_FRONT_1920_a-600x338.webp 600w, https:\/\/aensa.com\/wp-content\/uploads\/2025\/05\/CADET_FRONT_1920_a-300x169.webp 300w, https:\/\/aensa.com\/wp-content\/uploads\/2025\/05\/CADET_FRONT_1920_a-768x432.webp 768w\" sizes=\"auto, (max-width: 828px) 100vw, 828px\" \/><\/a><\/figure><div class=\"elementor-image-box-content\"><h3 class=\"elementor-image-box-title\"><a href=\"https:\/\/aensa.com\/es\/aeronaves\/r44-cadet\/\">R44 CADET<\/a><\/h3><p class=\"elementor-image-box-description\">R44 Series<\/p><\/div><\/div>\t\t\t\t<\/div>\n\t\t\t\t<\/div>\n\t\t\t\t<\/div>\n\t\t<div class=\"elementor-element elementor-element-3a30e6d e-con-full e-flex e-con e-child\" data-id=\"3a30e6d\" data-element_type=\"container\" data-e-type=\"container\">\n\t\t\t\t<div class=\"elementor-element elementor-element-1a3654b elementor-position-top elementor-widget elementor-widget-image-box\" data-id=\"1a3654b\" data-element_type=\"widget\" data-e-type=\"widget\" data-widget_type=\"image-box.default\">\n\t\t\t\t<div class=\"elementor-widget-container\">\n\t\t\t\t\t<div class=\"elementor-image-box-wrapper\"><figure class=\"elementor-image-box-img\"><a href=\"https:\/\/aensa.com\/es\/aeronaves\/r22-beta-ii\/\" tabindex=\"-1\"><img loading=\"lazy\" decoding=\"async\" width=\"828\" height=\"466\" src=\"https:\/\/aensa.com\/wp-content\/uploads\/2025\/05\/R22_Beta2_Final_a.webp\" class=\"elementor-animation-grow attachment-full size-full wp-image-11341\" alt=\"\" srcset=\"https:\/\/aensa.com\/wp-content\/uploads\/2025\/05\/R22_Beta2_Final_a.webp 828w, https:\/\/aensa.com\/wp-content\/uploads\/2025\/05\/R22_Beta2_Final_a-150x84.webp 150w, https:\/\/aensa.com\/wp-content\/uploads\/2025\/05\/R22_Beta2_Final_a-600x338.webp 600w, https:\/\/aensa.com\/wp-content\/uploads\/2025\/05\/R22_Beta2_Final_a-300x169.webp 300w, https:\/\/aensa.com\/wp-content\/uploads\/2025\/05\/R22_Beta2_Final_a-768x432.webp 768w\" sizes=\"auto, (max-width: 828px) 100vw, 828px\" \/><\/a><\/figure><div class=\"elementor-image-box-content\"><h3 class=\"elementor-image-box-title\"><a href=\"https:\/\/aensa.com\/es\/aeronaves\/r22-beta-ii\/\">R22 BETA II<\/a><\/h3><p class=\"elementor-image-box-description\">R22 Series<\/p><\/div><\/div>\t\t\t\t<\/div>\n\t\t\t\t<\/div>\n\t\t\t\t<\/div>\n\t\t\t\t\t<\/div>\n\t\t\t\t<\/div>\n\t\t<div class=\"wd-negative-gap elementor-element elementor-element-b16bcc3 wd-section-stretch e-flex e-con-boxed e-con e-parent\" data-id=\"b16bcc3\" data-element_type=\"container\" data-e-type=\"container\" data-settings=\"{&quot;background_background&quot;:&quot;classic&quot;}\">\n\t\t\t\t\t<div class=\"e-con-inner\">\n\t\t\t\t\t<\/div>\n\t\t\t\t<\/div>\n\t\t\t\t<\/div>","protected":false},"excerpt":{"rendered":"<p>SOMETIMES, &#8220;GROUNDBREAKING&#8221; HAPPENS IN THE SKY. The new R88 is out largest, most capable helicopter ever. LEARN MORE Our company<\/p>","protected":false},"author":1,"featured_media":0,"parent":0,"menu_order":0,"comment_status":"closed","ping_status":"closed","template":"","meta":{"_acf_changed":false,"footnotes":""},"class_list":["post-19","page","type-page","status-publish","hentry"],"acf":[],"_links":{"self":[{"href":"https:\/\/aensa.com\/es\/wp-json\/wp\/v2\/pages\/19","targetHints":{"allow":["GET"]}}],"collection":[{"href":"https:\/\/aensa.com\/es\/wp-json\/wp\/v2\/pages"}],"about":[{"href":"https:\/\/aensa.com\/es\/wp-json\/wp\/v2\/types\/page"}],"author":[{"embeddable":true,"href":"https:\/\/aensa.com\/es\/wp-json\/wp\/v2\/users\/1"}],"replies":[{"embeddable":true,"href":"https:\/\/aensa.com\/es\/wp-json\/wp\/v2\/comments?post=19"}],"version-history":[{"count":97,"href":"https:\/\/aensa.com\/es\/wp-json\/wp\/v2\/pages\/19\/revisions"}],"predecessor-version":[{"id":11444,"href":"https:\/\/aensa.com\/es\/wp-json\/wp\/v2\/pages\/19\/revisions\/11444"}],"wp:attachment":[{"href":"https:\/\/aensa.com\/es\/wp-json\/wp\/v2\/media?parent=19"}],"curies":[{"name":"wp","href":"https:\/\/api.w.org\/{rel}","templated":true}]}}